{"id":3186,"date":"2025-10-02T15:21:41","date_gmt":"2025-10-02T13:21:41","guid":{"rendered":"https:\/\/industrie.finres-sa.com\/coltech\/"},"modified":"2025-10-02T15:21:41","modified_gmt":"2025-10-02T13:21:41","slug":"coltech","status":"publish","type":"page","link":"https:\/\/industrie.finres-sa.com\/nl\/coltech\/","title":{"rendered":"Coltech"},"content":{"rendered":"\t\t<div data-elementor-type=\"wp-page\" data-elementor-id=\"3186\" class=\"elementor elementor-3186 elementor-1650\" data-elementor-post-type=\"page\">\n\t\t\t\t<div class=\"elementor-element elementor-element-0de5582 e-flex e-con-boxed e-con e-parent\" data-id=\"0de5582\" data-element_type=\"container\" data-e-type=\"container\" data-settings=\"{&quot;background_background&quot;:&quot;classic&quot;}\">\n\t\t\t\t\t<div class=\"e-con-inner\">\n\t\t\t\t<div class=\"elementor-element elementor-element-a935583 elementor-align-justify elementor-widget elementor-widget-button\" data-id=\"a935583\" data-element_type=\"widget\" data-e-type=\"widget\" data-widget_type=\"button.default\">\n\t\t\t\t<div class=\"elementor-widget-container\">\n\t\t\t\t\t\t\t\t\t<div class=\"elementor-button-wrapper\">\n\t\t\t\t\t<a class=\"elementor-button elementor-button-link elementor-size-sm\" href=\"#productList\">\n\t\t\t\t\t\t<span class=\"elementor-button-content-wrapper\">\n\t\t\t\t\t\t\t\t\t<span class=\"elementor-button-text\">VOIR LES PRODUITS<\/span>\n\t\t\t\t\t<\/span>\n\t\t\t\t\t<\/a>\n\t\t\t\t<\/div>\n\t\t\t\t\t\t\t\t<\/div>\n\t\t\t\t<\/div>\n\t\t\t\t\t<\/div>\n\t\t\t\t<\/div>\n\t\t<div class=\"elementor-element elementor-element-fbcd61f e-flex e-con-boxed e-con e-parent\" data-id=\"fbcd61f\" data-element_type=\"container\" data-e-type=\"container\">\n\t\t\t\t\t<div class=\"e-con-inner\">\n\t\t<div class=\"elementor-element elementor-element-84ead49 e-con-full e-flex e-con e-child\" data-id=\"84ead49\" data-element_type=\"container\" data-e-type=\"container\">\n\t\t<div class=\"elementor-element elementor-element-41485a7 e-con-full e-flex e-con e-child\" data-id=\"41485a7\" data-element_type=\"container\" data-e-type=\"container\" data-settings=\"{&quot;background_background&quot;:&quot;classic&quot;}\">\n\t\t\t\t<div class=\"elementor-element elementor-element-9a67a0b elementor-invisible elementor-widget elementor-widget-heading\" data-id=\"9a67a0b\" data-element_type=\"widget\" data-e-type=\"widget\" data-settings=\"{&quot;_animation&quot;:&quot;fadeInUp&quot;}\" data-widget_type=\"heading.default\">\n\t\t\t\t<div class=\"elementor-widget-container\">\n\t\t\t\t\t<span class=\"elementor-heading-title elementor-size-default\">Sp\u00e9cialistes des r\u00e9sines polyur\u00e9thanes \u00e0 durcissement \u00e0 froid<\/span>\t\t\t\t<\/div>\n\t\t\t\t<\/div>\n\t\t<div class=\"elementor-element elementor-element-3533e3d e-con-full e-flex e-con e-child\" data-id=\"3533e3d\" data-element_type=\"container\" data-e-type=\"container\">\n\t\t\t\t<div class=\"elementor-element elementor-element-752461b elementor-widget-tablet__width-initial elementor-widget elementor-widget-image\" data-id=\"752461b\" data-element_type=\"widget\" data-e-type=\"widget\" data-widget_type=\"image.default\">\n\t\t\t\t<div class=\"elementor-widget-container\">\n\t\t\t\t\t\t\t\t\t\t\t\t\t\t\t<img fetchpriority=\"high\" decoding=\"async\" width=\"557\" height=\"202\" src=\"https:\/\/industrie.finres-sa.com\/wp-content\/uploads\/2025\/06\/ColtechLogoMarque-e1759931919815.jpg\" class=\"attachment-large size-large wp-image-1099\" alt=\"\" srcset=\"https:\/\/industrie.finres-sa.com\/wp-content\/uploads\/2025\/06\/ColtechLogoMarque-e1759931919815.jpg 557w, https:\/\/industrie.finres-sa.com\/wp-content\/uploads\/2025\/06\/ColtechLogoMarque-e1759931919815-300x109.jpg 300w\" sizes=\"(max-width: 557px) 100vw, 557px\" \/>\t\t\t\t\t\t\t\t\t\t\t\t\t\t\t<\/div>\n\t\t\t\t<\/div>\n\t\t\t\t<div class=\"elementor-element elementor-element-4368f00 elementor-widget__width-initial elementor-widget-mobile__width-inherit elementor-widget elementor-widget-text-editor\" data-id=\"4368f00\" data-element_type=\"widget\" data-e-type=\"widget\" data-widget_type=\"text-editor.default\">\n\t\t\t\t<div class=\"elementor-widget-container\">\n\t\t\t\t\t\t\t\t\t<p>COLTECH\u00ae est une entreprise sp\u00e9cialis\u00e9e dans les syst\u00e8mes polyur\u00e9thanes et l&#8217;un des principaux sp\u00e9cialistes europ\u00e9ens des r\u00e9sines polyur\u00e9thanes \u00e0 durcissement \u00e0 froid pour applications industrielles. COLTECH\u00ae prouve son leadership technologique en proposant toute une gamme de solutions sp\u00e9cialis\u00e9es et de produits personnalis\u00e9s.<\/p><p>Fort de 40 ans d&#8217;exp\u00e9rience dans la conception, le d\u00e9veloppement et la production de syst\u00e8mes polyur\u00e9thanes, COLTECH\u00ae fournit des solutions individuelles dans le monde entier depuis ses sites de production situ\u00e9s \u00e0 Ath\u00e8nes, en Gr\u00e8ce.<\/p><p>La fiabilit\u00e9, l&#8217;orientation vers le service et l&#8217;innovation sont les valeurs que COLTECH\u00ae met en \u0153uvre chaque jour dans l&#8217;int\u00e9r\u00eat de ses clients.<\/p>\t\t\t\t\t\t\t\t<\/div>\n\t\t\t\t<\/div>\n\t\t\t\t<\/div>\n\t\t\t\t<\/div>\n\t\t\t\t<\/div>\n\t\t\t\t\t<\/div>\n\t\t\t\t<\/div>\n\t\t<div class=\"elementor-element elementor-element-61a9c6b e-flex e-con-boxed e-con e-parent\" data-id=\"61a9c6b\" data-element_type=\"container\" data-e-type=\"container\">\n\t\t\t\t\t<div class=\"e-con-inner\">\n\t\t\t\t<div class=\"elementor-element elementor-element-85d6796 elementor-grid-4 elementor-grid-tablet-2 elementor-grid-mobile-1 elementor-widget elementor-widget-loop-grid\" data-id=\"85d6796\" data-element_type=\"widget\" data-e-type=\"widget\" data-settings=\"{&quot;template_id&quot;:3061,&quot;columns&quot;:4,&quot;_skin&quot;:&quot;post&quot;,&quot;columns_tablet&quot;:&quot;2&quot;,&quot;columns_mobile&quot;:&quot;1&quot;,&quot;edit_handle_selector&quot;:&quot;[data-elementor-type=\\&quot;loop-item\\&quot;]&quot;,&quot;row_gap&quot;:{&quot;unit&quot;:&quot;px&quot;,&quot;size&quot;:&quot;&quot;,&quot;sizes&quot;:[]},&quot;row_gap_tablet&quot;:{&quot;unit&quot;:&quot;px&quot;,&quot;size&quot;:&quot;&quot;,&quot;sizes&quot;:[]},&quot;row_gap_mobile&quot;:{&quot;unit&quot;:&quot;px&quot;,&quot;size&quot;:&quot;&quot;,&quot;sizes&quot;:[]}}\" data-widget_type=\"loop-grid.post\">\n\t\t\t\t<div class=\"elementor-widget-container\">\n\t\t\t\t\t\t\t<div class=\"elementor-loop-container elementor-grid\" role=\"list\">\n\t\t<style id=\"loop-3061\">.elementor-3061 .elementor-element.elementor-element-4dabac1{--display:flex;--flex-direction:column;--container-widget-width:100%;--container-widget-height:initial;--container-widget-flex-grow:0;--container-widget-align-self:initial;--flex-wrap-mobile:wrap;--justify-content:flex-start;--gap:20px 20px;--row-gap:20px;--column-gap:20px;border-style:solid;--border-style:solid;border-width:1px 1px 1px 1px;--border-top-width:1px;--border-right-width:1px;--border-bottom-width:1px;--border-left-width:1px;border-color:var( --e-global-color-accent );--border-color:var( --e-global-color-accent );--border-radius:0px 0px 0px 0px;--padding-top:20px;--padding-bottom:20px;--padding-left:20px;--padding-right:20px;}.elementor-3061 .elementor-element.elementor-element-4dabac1.e-con{--align-self:flex-start;}.elementor-widget-image .widget-image-caption{color:var( --e-global-color-text );font-family:var( --e-global-typography-text-font-family ), Sans-serif;font-size:var( --e-global-typography-text-font-size );font-weight:var( --e-global-typography-text-font-weight );text-transform:var( --e-global-typography-text-text-transform );line-height:var( --e-global-typography-text-line-height );letter-spacing:var( --e-global-typography-text-letter-spacing );}.elementor-widget-theme-post-title .elementor-heading-title{font-family:var( --e-global-typography-primary-font-family ), Sans-serif;font-size:var( --e-global-typography-primary-font-size );font-weight:var( --e-global-typography-primary-font-weight );text-transform:var( --e-global-typography-primary-text-transform );line-height:var( --e-global-typography-primary-line-height );letter-spacing:var( --e-global-typography-primary-letter-spacing );color:var( --e-global-color-primary );}.elementor-3061 .elementor-element.elementor-element-c691f20 .elementor-heading-title{font-family:var( --e-global-typography-text-font-family ), Sans-serif;font-size:var( --e-global-typography-text-font-size );font-weight:var( --e-global-typography-text-font-weight );text-transform:var( --e-global-typography-text-text-transform );line-height:var( --e-global-typography-text-line-height );letter-spacing:var( --e-global-typography-text-letter-spacing );color:var( --e-global-color-secondary );}.elementor-widget-theme-post-excerpt .elementor-widget-container{font-family:var( --e-global-typography-text-font-family ), Sans-serif;font-size:var( --e-global-typography-text-font-size );font-weight:var( --e-global-typography-text-font-weight );text-transform:var( --e-global-typography-text-text-transform );line-height:var( --e-global-typography-text-line-height );letter-spacing:var( --e-global-typography-text-letter-spacing );color:var( --e-global-color-text );}.elementor-3061 .elementor-element.elementor-element-bf71dc8 .elementor-widget-container{font-family:\"Montserrat\", Sans-serif;font-size:14px;font-weight:400;text-transform:none;line-height:1.4em;letter-spacing:0px;margin-bottom:10px;}.elementor-3061 .elementor-element.elementor-element-bf71dc8 a{color:var( --e-global-color-accent );}.elementor-widget-icon.elementor-view-stacked .elementor-icon{background-color:var( --e-global-color-primary );}.elementor-widget-icon.elementor-view-framed .elementor-icon, .elementor-widget-icon.elementor-view-default .elementor-icon{color:var( --e-global-color-primary );border-color:var( --e-global-color-primary );}.elementor-widget-icon.elementor-view-framed .elementor-icon, .elementor-widget-icon.elementor-view-default .elementor-icon svg{fill:var( --e-global-color-primary );}.elementor-3061 .elementor-element.elementor-element-bca37bb .elementor-icon-wrapper{text-align:center;}.elementor-3061 .elementor-element.elementor-element-bca37bb.elementor-view-stacked .elementor-icon{background-color:var( --e-global-color-accent );}.elementor-3061 .elementor-element.elementor-element-bca37bb.elementor-view-framed .elementor-icon, .elementor-3061 .elementor-element.elementor-element-bca37bb.elementor-view-default .elementor-icon{color:var( --e-global-color-accent );border-color:var( --e-global-color-accent );}.elementor-3061 .elementor-element.elementor-element-bca37bb.elementor-view-framed .elementor-icon, .elementor-3061 .elementor-element.elementor-element-bca37bb.elementor-view-default .elementor-icon svg{fill:var( --e-global-color-accent );}.elementor-3061 .elementor-element.elementor-element-bca37bb .elementor-icon{font-size:20px;padding:10px;border-radius:0px 0px 0px 0px;}.elementor-3061 .elementor-element.elementor-element-bca37bb .elementor-icon svg{height:20px;}.elementor-3061 .elementor-element.elementor-element-bca37bb > .elementor-widget-container{margin:0px 0px -6px 0px;padding:0px 0px 0px 0px;}body:not(.rtl) .elementor-3061 .elementor-element.elementor-element-bca37bb{right:0px;}body.rtl .elementor-3061 .elementor-element.elementor-element-bca37bb{left:0px;}.elementor-3061 .elementor-element.elementor-element-bca37bb{bottom:0px;}@media(max-width:1024px){.elementor-widget-image .widget-image-caption{font-size:var( --e-global-typography-text-font-size );line-height:var( --e-global-typography-text-line-height );letter-spacing:var( --e-global-typography-text-letter-spacing );}.elementor-widget-theme-post-title .elementor-heading-title{font-size:var( --e-global-typography-primary-font-size );line-height:var( --e-global-typography-primary-line-height );letter-spacing:var( --e-global-typography-primary-letter-spacing );}.elementor-3061 .elementor-element.elementor-element-c691f20 .elementor-heading-title{font-size:var( --e-global-typography-text-font-size );line-height:var( --e-global-typography-text-line-height );letter-spacing:var( --e-global-typography-text-letter-spacing );}.elementor-widget-theme-post-excerpt .elementor-widget-container{font-size:var( --e-global-typography-text-font-size );line-height:var( --e-global-typography-text-line-height );letter-spacing:var( --e-global-typography-text-letter-spacing );}}@media(max-width:767px){.elementor-widget-image .widget-image-caption{font-size:var( --e-global-typography-text-font-size );line-height:var( --e-global-typography-text-line-height );letter-spacing:var( --e-global-typography-text-letter-spacing );}.elementor-widget-theme-post-title .elementor-heading-title{font-size:var( --e-global-typography-primary-font-size );line-height:var( --e-global-typography-primary-line-height );letter-spacing:var( --e-global-typography-primary-letter-spacing );}.elementor-3061 .elementor-element.elementor-element-c691f20 .elementor-heading-title{font-size:var( --e-global-typography-text-font-size );line-height:var( --e-global-typography-text-line-height );letter-spacing:var( --e-global-typography-text-letter-spacing );}.elementor-widget-theme-post-excerpt .elementor-widget-container{font-size:var( --e-global-typography-text-font-size );line-height:var( --e-global-typography-text-line-height );letter-spacing:var( --e-global-typography-text-letter-spacing );}}<\/style>\t\t<div data-elementor-type=\"loop-item\" data-elementor-id=\"3061\" class=\"elementor elementor-3061 elementor-2552 elementor-2552 e-loop-item e-loop-item-2814 post-2814 post type-post status-publish format-standard has-post-thumbnail hentry category-coltech\" data-elementor-post-type=\"elementor_library\" data-custom-edit-handle=\"1\">\n\t\t\t<a class=\"elementor-element elementor-element-4dabac1 e-flex e-con-boxed e-con e-parent\" data-id=\"4dabac1\" data-element_type=\"container\" data-e-type=\"container\" href=\"https:\/\/industrie.finres-sa.com\/nl\/coltcast-hd-polyurethaanhars-elektro-isolerend\/\">\n\t\t\t\t\t<div class=\"e-con-inner\">\n\t\t\t\t<div class=\"elementor-element elementor-element-fe27850 elementor-widget elementor-widget-image\" data-id=\"fe27850\" data-element_type=\"widget\" data-e-type=\"widget\" data-widget_type=\"image.default\">\n\t\t\t\t<div class=\"elementor-widget-container\">\n\t\t\t\t\t\t\t\t\t\t\t\t\t\t\t<img decoding=\"async\" width=\"800\" height=\"800\" src=\"https:\/\/industrie.finres-sa.com\/wp-content\/uploads\/2025\/12\/FINRES-PACKSHOT-SHOOTME-5-scaled-1-1024x1024.jpg\" class=\"attachment-large size-large wp-image-2815\" alt=\"\" srcset=\"https:\/\/industrie.finres-sa.com\/wp-content\/uploads\/2025\/12\/FINRES-PACKSHOT-SHOOTME-5-scaled-1-1024x1024.jpg 1024w, https:\/\/industrie.finres-sa.com\/wp-content\/uploads\/2025\/12\/FINRES-PACKSHOT-SHOOTME-5-scaled-1-300x300.jpg 300w, https:\/\/industrie.finres-sa.com\/wp-content\/uploads\/2025\/12\/FINRES-PACKSHOT-SHOOTME-5-scaled-1-150x150.jpg 150w, https:\/\/industrie.finres-sa.com\/wp-content\/uploads\/2025\/12\/FINRES-PACKSHOT-SHOOTME-5-scaled-1-768x768.jpg 768w, https:\/\/industrie.finres-sa.com\/wp-content\/uploads\/2025\/12\/FINRES-PACKSHOT-SHOOTME-5-scaled-1.jpg 1200w\" sizes=\"(max-width: 800px) 100vw, 800px\" \/>\t\t\t\t\t\t\t\t\t\t\t\t\t\t\t<\/div>\n\t\t\t\t<\/div>\n\t\t\t\t<div class=\"elementor-element elementor-element-c691f20 elementor-widget elementor-widget-theme-post-title elementor-page-title elementor-widget-heading\" data-id=\"c691f20\" data-element_type=\"widget\" data-e-type=\"widget\" data-widget_type=\"theme-post-title.default\">\n\t\t\t\t<div class=\"elementor-widget-container\">\n\t\t\t\t\t<h1 class=\"elementor-heading-title elementor-size-default\">COLTCAST HD Polyurethaanhars, elektro-isolerend<\/h1>\t\t\t\t<\/div>\n\t\t\t\t<\/div>\n\t\t\t\t<div class=\"elementor-element elementor-element-bf71dc8 elementor-widget elementor-widget-theme-post-excerpt\" data-id=\"bf71dc8\" data-element_type=\"widget\" data-e-type=\"widget\" data-widget_type=\"theme-post-excerpt.default\">\n\t\t\t\t<div class=\"elementor-widget-container\">\n\t\t\t\t\tDe COLTCAST HEAVY DUTY is een stugge polyurethaanhars die een volledige bescherming biedt aan uw elektrische systemen en elektronische circuits.\t\t\t\t<\/div>\n\t\t\t\t<\/div>\n\t\t\t\t<div class=\"elementor-element elementor-element-bca37bb elementor-view-stacked elementor-shape-square elementor-absolute elementor-widget elementor-widget-icon\" data-id=\"bca37bb\" data-element_type=\"widget\" data-e-type=\"widget\" data-settings=\"{&quot;_position&quot;:&quot;absolute&quot;}\" data-widget_type=\"icon.default\">\n\t\t\t\t<div class=\"elementor-widget-container\">\n\t\t\t\t\t\t\t<div class=\"elementor-icon-wrapper\">\n\t\t\t<div class=\"elementor-icon\">\n\t\t\t<svg aria-hidden=\"true\" class=\"e-font-icon-svg e-fas-chevron-right\" viewBox=\"0 0 320 512\" xmlns=\"http:\/\/www.w3.org\/2000\/svg\"><path d=\"M285.476 272.971L91.132 467.314c-9.373 9.373-24.569 9.373-33.941 0l-22.667-22.667c-9.357-9.357-9.375-24.522-.04-33.901L188.505 256 34.484 101.255c-9.335-9.379-9.317-24.544.04-33.901l22.667-22.667c9.373-9.373 24.569-9.373 33.941 0L285.475 239.03c9.373 9.372 9.373 24.568.001 33.941z\"><\/path><\/svg>\t\t\t<\/div>\n\t\t<\/div>\n\t\t\t\t\t\t<\/div>\n\t\t\t\t<\/div>\n\t\t\t\t\t<\/div>\n\t\t\t\t<\/a>\n\t\t\t\t<\/div>\n\t\t\t\t<\/div>\n\t\t\n\t\t\t\t\t\t<\/div>\n\t\t\t\t<\/div>\n\t\t\t\t\t<\/div>\n\t\t\t\t<\/div>\n\t\t\t\t<\/div>\n\t\t","protected":false},"excerpt":{"rendered":"","protected":false},"author":2,"featured_media":3188,"parent":0,"menu_order":0,"comment_status":"closed","ping_status":"closed","template":"elementor_header_footer","meta":{"footnotes":""},"class_list":["post-3186","page","type-page","status-publish","has-post-thumbnail","hentry"],"_links":{"self":[{"href":"https:\/\/industrie.finres-sa.com\/nl\/wp-json\/wp\/v2\/pages\/3186","targetHints":{"allow":["GET"]}}],"collection":[{"href":"https:\/\/industrie.finres-sa.com\/nl\/wp-json\/wp\/v2\/pages"}],"about":[{"href":"https:\/\/industrie.finres-sa.com\/nl\/wp-json\/wp\/v2\/types\/page"}],"author":[{"embeddable":true,"href":"https:\/\/industrie.finres-sa.com\/nl\/wp-json\/wp\/v2\/users\/2"}],"replies":[{"embeddable":true,"href":"https:\/\/industrie.finres-sa.com\/nl\/wp-json\/wp\/v2\/comments?post=3186"}],"version-history":[{"count":0,"href":"https:\/\/industrie.finres-sa.com\/nl\/wp-json\/wp\/v2\/pages\/3186\/revisions"}],"wp:featuredmedia":[{"embeddable":true,"href":"https:\/\/industrie.finres-sa.com\/nl\/wp-json\/wp\/v2\/media\/3188"}],"wp:attachment":[{"href":"https:\/\/industrie.finres-sa.com\/nl\/wp-json\/wp\/v2\/media?parent=3186"}],"curies":[{"name":"wp","href":"https:\/\/api.w.org\/{rel}","templated":true}]}}